{"id":11678,"date":"2025-06-12T09:49:37","date_gmt":"2025-06-12T07:49:37","guid":{"rendered":"https:\/\/skoryowcze.pl\/?post_type=product&#038;p=11678"},"modified":"2026-01-21T09:35:20","modified_gmt":"2026-01-21T08:35:20","slug":"skora-owcza-rozowa","status":"publish","type":"product","link":"https:\/\/skoryowcze.pl\/en\/produkt\/skora-owcza-rozowa\/","title":{"rendered":"Sk\u00f3ra owcza r\u00f3\u017cowa"},"content":{"rendered":"<p>&nbsp;<\/p>\n<p>Nasza dekoracyjna sk\u00f3ra w odcieniu g\u0142\u0119bokiego r\u00f3\u017cu to synonim luksusu i przytulno\u015bci. Niezwykle mi\u0119kka i przyjemna w dotyku, zawdzi\u0119cza swoje w\u0142a\u015bciwo\u015bci g\u0119stemu, grubemu runu, kt\u00f3re zapewnia wyj\u0105tkowy komfort. Idealnie komponuje si\u0119 z wn\u0119trzami w stylu klasycznym, rustykalnym, skandynawskim a tak\u017ce nowoczesnym dodaj\u0105c im naturalnego ciep\u0142a i charakteru.<\/p>\n<p>Dzi\u0119ki zastosowaniu naturalnych garbnik\u00f3w nasze sk\u00f3ry s\u0105 nie tylko mi\u0119kkie i puszyste ale r\u00f3wnie\u017c trwa\u0142e i bezpieczne- nawet dla dzieci i alergik\u00f3w. Nie posiadaj\u0105 dra\u017cni\u0105cego zapachu co czyni je doskona\u0142ym wyborem do ka\u017cdego pomieszczenia w tym tak\u017ce do pokoju dzieci\u0119cego.<\/p>\n<p>Doceniane przez klient\u00f3w w ca\u0142ego \u015bwiata- od kraj\u00f3w Unii Europejskiej i Skandynawii po Kanad\u0119, USA i Australi\u0119- znajduj\u0105 zastosowanie jako efektowna dekoracja, przytulne okrycie fotela lub kanapy a tak\u017ce oryginalny i praktyczny prezent.<\/p>\n<p>Naturalna elegancja, kt\u00f3ra zostaje na lata.<\/p>\n<p><strong>Wymiary:<\/strong><\/p>\n<ul>\n<li><strong>ma\u0142a:<\/strong>\u00a0szeroko\u015b\u0107 50-60 cm, d\u0142ugo\u015b\u0107 80-90 cm, d\u0142ugo\u015b\u0107 w\u0142osa 5-12 cm<\/li>\n<li><strong>\u015brednia:<\/strong>\u00a060-70 cm szeroko\u015b\u0107, 100-110 d\u0142ugo\u015b\u0107<\/li>\n<li><strong>du\u017ca:<\/strong> szeroko\u015b\u0107 powy\u017cej 70 cm, d\u0142ugo\u015b\u0107 120 i powy\u017cej<\/li>\n<\/ul>\n","protected":false},"excerpt":{"rendered":"<p>R\u00f3\u017cowa sk\u00f3ra dekoracyjna- elegancja i komfort w naturalnej formie. Dost\u0119pne r\u00f3\u017cne rozmiary.<\/p>\n","protected":false},"featured_media":11679,"template":"","meta":[],"product_brand":[],"product_cat":[96,86],"product_tag":[455,454,449,453,141,144,446,456],"class_list":{"0":"post-11678","1":"product","2":"type-product","3":"status-publish","4":"has-post-thumbnail","6":"product_cat-skory","7":"product_cat-skory-owcze","8":"product_tag-naturalne-produkty","9":"product_tag-skora-dekoracyjna","10":"product_tag-skora-naturalna","11":"product_tag-skora-rozowa","12":"product_tag-welna","13":"product_tag-welna-naturalna","14":"product_tag-wyroby-podhalanskie","15":"product_tag-wyroby-tradycyjne","17":"first","18":"instock","19":"shipping-taxable","20":"purchasable","21":"product-type-variable","22":"rtwpvg-product"},"yoast_head":"<!-- This site is optimized with the Yoast SEO plugin v26.5 - https:\/\/yoast.com\/wordpress\/plugins\/seo\/ -->\n<title>Sk\u00f3ra owcza r\u00f3\u017cowa - WS Sto\u0142owski - Sklep z wyrobami regionalnymi<\/title>\n<meta name=\"robots\" content=\"index, follow, max-snippet:-1, max-image-preview:large, max-video-preview:-1\" \/>\n<link rel=\"canonical\" href=\"https:\/\/skoryowcze.pl\/produkt\/skora-owcza-rozowa\/\" \/>\n<meta property=\"og:locale\" content=\"en_US\" \/>\n<meta property=\"og:type\" content=\"article\" \/>\n<meta property=\"og:title\" content=\"Sk\u00f3ra owcza r\u00f3\u017cowa - WS Sto\u0142owski - Sklep z wyrobami regionalnymi\" \/>\n<meta property=\"og:description\" content=\"R\u00f3\u017cowa sk\u00f3ra dekoracyjna- elegancja i komfort w naturalnej formie. Dost\u0119pne r\u00f3\u017cne rozmiary.\" \/>\n<meta property=\"og:url\" content=\"https:\/\/skoryowcze.pl\/produkt\/skora-owcza-rozowa\/\" \/>\n<meta property=\"og:site_name\" content=\"WS Sto\u0142owski - Sklep z wyrobami regionalnymi\" \/>\n<meta property=\"article:publisher\" content=\"https:\/\/www.facebook.com\/Wsstolowski\" \/>\n<meta property=\"article:modified_time\" content=\"2026-01-21T08:35:20+00:00\" \/>\n<meta property=\"og:image\" content=\"https:\/\/skoryowcze.pl\/wp-content\/uploads\/2025\/06\/SkoryDekoracyjne_28.06.2024_06413.jpg\" \/>\n\t<meta property=\"og:image:width\" content=\"2048\" \/>\n\t<meta property=\"og:image:height\" content=\"2048\" \/>\n\t<meta property=\"og:image:type\" content=\"image\/jpeg\" \/>\n<meta name=\"twitter:card\" content=\"summary_large_image\" \/>\n<meta name=\"twitter:label1\" content=\"Est. reading time\" \/>\n\t<meta name=\"twitter:data1\" content=\"2 minutes\" \/>\n<script type=\"application\/ld+json\" class=\"yoast-schema-graph\">{\"@context\":\"https:\/\/schema.org\",\"@graph\":[{\"@type\":\"WebPage\",\"@id\":\"https:\/\/skoryowcze.pl\/produkt\/skora-owcza-rozowa\/\",\"url\":\"https:\/\/skoryowcze.pl\/produkt\/skora-owcza-rozowa\/\",\"name\":\"Sk\u00f3ra owcza r\u00f3\u017cowa - WS Sto\u0142owski - Sklep z wyrobami regionalnymi\",\"isPartOf\":{\"@id\":\"https:\/\/skoryowcze.pl\/#website\"},\"primaryImageOfPage\":{\"@id\":\"https:\/\/skoryowcze.pl\/produkt\/skora-owcza-rozowa\/#primaryimage\"},\"image\":{\"@id\":\"https:\/\/skoryowcze.pl\/produkt\/skora-owcza-rozowa\/#primaryimage\"},\"thumbnailUrl\":\"https:\/\/skoryowcze.pl\/wp-content\/uploads\/2025\/06\/SkoryDekoracyjne_28.06.2024_06413.jpg\",\"datePublished\":\"2025-06-12T07:49:37+00:00\",\"dateModified\":\"2026-01-21T08:35:20+00:00\",\"breadcrumb\":{\"@id\":\"https:\/\/skoryowcze.pl\/produkt\/skora-owcza-rozowa\/#breadcrumb\"},\"inLanguage\":\"en-US\",\"potentialAction\":[{\"@type\":\"ReadAction\",\"target\":[\"https:\/\/skoryowcze.pl\/produkt\/skora-owcza-rozowa\/\"]}]},{\"@type\":\"ImageObject\",\"inLanguage\":\"en-US\",\"@id\":\"https:\/\/skoryowcze.pl\/produkt\/skora-owcza-rozowa\/#primaryimage\",\"url\":\"https:\/\/skoryowcze.pl\/wp-content\/uploads\/2025\/06\/SkoryDekoracyjne_28.06.2024_06413.jpg\",\"contentUrl\":\"https:\/\/skoryowcze.pl\/wp-content\/uploads\/2025\/06\/SkoryDekoracyjne_28.06.2024_06413.jpg\",\"width\":2048,\"height\":2048},{\"@type\":\"BreadcrumbList\",\"@id\":\"https:\/\/skoryowcze.pl\/produkt\/skora-owcza-rozowa\/#breadcrumb\",\"itemListElement\":[{\"@type\":\"ListItem\",\"position\":1,\"name\":\"Strona g\u0142\u00f3wna\",\"item\":\"https:\/\/skoryowcze.pl\/\"},{\"@type\":\"ListItem\",\"position\":2,\"name\":\"Store\",\"item\":\"https:\/\/skoryowcze.pl\/en\/store\/\"},{\"@type\":\"ListItem\",\"position\":3,\"name\":\"Sk\u00f3ra owcza r\u00f3\u017cowa\"}]},{\"@type\":\"WebSite\",\"@id\":\"https:\/\/skoryowcze.pl\/#website\",\"url\":\"https:\/\/skoryowcze.pl\/\",\"name\":\"WS Sto\u0142owski\",\"description\":\"Produkty z regionu Podhala, odzie\u017c, obuwie regionalne.\",\"publisher\":{\"@id\":\"https:\/\/skoryowcze.pl\/#organization\"},\"potentialAction\":[{\"@type\":\"SearchAction\",\"target\":{\"@type\":\"EntryPoint\",\"urlTemplate\":\"https:\/\/skoryowcze.pl\/?s={search_term_string}\"},\"query-input\":{\"@type\":\"PropertyValueSpecification\",\"valueRequired\":true,\"valueName\":\"search_term_string\"}}],\"inLanguage\":\"en-US\"},{\"@type\":\"Organization\",\"@id\":\"https:\/\/skoryowcze.pl\/#organization\",\"name\":\"WS Sto\u0142owski\",\"url\":\"https:\/\/skoryowcze.pl\/\",\"logo\":{\"@type\":\"ImageObject\",\"inLanguage\":\"en-US\",\"@id\":\"https:\/\/skoryowcze.pl\/#\/schema\/logo\/image\/\",\"url\":\"https:\/\/skoryowcze.pl\/wp-content\/uploads\/2018\/11\/favicon.png\",\"contentUrl\":\"https:\/\/skoryowcze.pl\/wp-content\/uploads\/2018\/11\/favicon.png\",\"width\":512,\"height\":512,\"caption\":\"WS Sto\u0142owski\"},\"image\":{\"@id\":\"https:\/\/skoryowcze.pl\/#\/schema\/logo\/image\/\"},\"sameAs\":[\"https:\/\/www.facebook.com\/Wsstolowski\",\"https:\/\/www.instagram.com\/ws_stolowski\"]}]}<\/script>\n<!-- \/ Yoast SEO plugin. -->","yoast_head_json":{"title":"Sk\u00f3ra owcza r\u00f3\u017cowa - WS Sto\u0142owski - Sklep z wyrobami regionalnymi","robots":{"index":"index","follow":"follow","max-snippet":"max-snippet:-1","max-image-preview":"max-image-preview:large","max-video-preview":"max-video-preview:-1"},"canonical":"https:\/\/skoryowcze.pl\/produkt\/skora-owcza-rozowa\/","og_locale":"en_US","og_type":"article","og_title":"Sk\u00f3ra owcza r\u00f3\u017cowa - WS Sto\u0142owski - Sklep z wyrobami regionalnymi","og_description":"R\u00f3\u017cowa sk\u00f3ra dekoracyjna- elegancja i komfort w naturalnej formie. Dost\u0119pne r\u00f3\u017cne rozmiary.","og_url":"https:\/\/skoryowcze.pl\/produkt\/skora-owcza-rozowa\/","og_site_name":"WS Sto\u0142owski - Sklep z wyrobami regionalnymi","article_publisher":"https:\/\/www.facebook.com\/Wsstolowski","article_modified_time":"2026-01-21T08:35:20+00:00","og_image":[{"width":2048,"height":2048,"url":"https:\/\/skoryowcze.pl\/wp-content\/uploads\/2025\/06\/SkoryDekoracyjne_28.06.2024_06413.jpg","type":"image\/jpeg"}],"twitter_card":"summary_large_image","twitter_misc":{"Est. reading time":"2 minutes"},"schema":{"@context":"https:\/\/schema.org","@graph":[{"@type":"WebPage","@id":"https:\/\/skoryowcze.pl\/produkt\/skora-owcza-rozowa\/","url":"https:\/\/skoryowcze.pl\/produkt\/skora-owcza-rozowa\/","name":"Sk\u00f3ra owcza r\u00f3\u017cowa - WS Sto\u0142owski - Sklep z wyrobami regionalnymi","isPartOf":{"@id":"https:\/\/skoryowcze.pl\/#website"},"primaryImageOfPage":{"@id":"https:\/\/skoryowcze.pl\/produkt\/skora-owcza-rozowa\/#primaryimage"},"image":{"@id":"https:\/\/skoryowcze.pl\/produkt\/skora-owcza-rozowa\/#primaryimage"},"thumbnailUrl":"https:\/\/skoryowcze.pl\/wp-content\/uploads\/2025\/06\/SkoryDekoracyjne_28.06.2024_06413.jpg","datePublished":"2025-06-12T07:49:37+00:00","dateModified":"2026-01-21T08:35:20+00:00","breadcrumb":{"@id":"https:\/\/skoryowcze.pl\/produkt\/skora-owcza-rozowa\/#breadcrumb"},"inLanguage":"en-US","potentialAction":[{"@type":"ReadAction","target":["https:\/\/skoryowcze.pl\/produkt\/skora-owcza-rozowa\/"]}]},{"@type":"ImageObject","inLanguage":"en-US","@id":"https:\/\/skoryowcze.pl\/produkt\/skora-owcza-rozowa\/#primaryimage","url":"https:\/\/skoryowcze.pl\/wp-content\/uploads\/2025\/06\/SkoryDekoracyjne_28.06.2024_06413.jpg","contentUrl":"https:\/\/skoryowcze.pl\/wp-content\/uploads\/2025\/06\/SkoryDekoracyjne_28.06.2024_06413.jpg","width":2048,"height":2048},{"@type":"BreadcrumbList","@id":"https:\/\/skoryowcze.pl\/produkt\/skora-owcza-rozowa\/#breadcrumb","itemListElement":[{"@type":"ListItem","position":1,"name":"Strona g\u0142\u00f3wna","item":"https:\/\/skoryowcze.pl\/"},{"@type":"ListItem","position":2,"name":"Store","item":"https:\/\/skoryowcze.pl\/en\/store\/"},{"@type":"ListItem","position":3,"name":"Sk\u00f3ra owcza r\u00f3\u017cowa"}]},{"@type":"WebSite","@id":"https:\/\/skoryowcze.pl\/#website","url":"https:\/\/skoryowcze.pl\/","name":"WS Sto\u0142owski","description":"Produkty z regionu Podhala, odzie\u017c, obuwie regionalne.","publisher":{"@id":"https:\/\/skoryowcze.pl\/#organization"},"potentialAction":[{"@type":"SearchAction","target":{"@type":"EntryPoint","urlTemplate":"https:\/\/skoryowcze.pl\/?s={search_term_string}"},"query-input":{"@type":"PropertyValueSpecification","valueRequired":true,"valueName":"search_term_string"}}],"inLanguage":"en-US"},{"@type":"Organization","@id":"https:\/\/skoryowcze.pl\/#organization","name":"WS Sto\u0142owski","url":"https:\/\/skoryowcze.pl\/","logo":{"@type":"ImageObject","inLanguage":"en-US","@id":"https:\/\/skoryowcze.pl\/#\/schema\/logo\/image\/","url":"https:\/\/skoryowcze.pl\/wp-content\/uploads\/2018\/11\/favicon.png","contentUrl":"https:\/\/skoryowcze.pl\/wp-content\/uploads\/2018\/11\/favicon.png","width":512,"height":512,"caption":"WS Sto\u0142owski"},"image":{"@id":"https:\/\/skoryowcze.pl\/#\/schema\/logo\/image\/"},"sameAs":["https:\/\/www.facebook.com\/Wsstolowski","https:\/\/www.instagram.com\/ws_stolowski"]}]}},"_links":{"self":[{"href":"https:\/\/skoryowcze.pl\/en\/wp-json\/wp\/v2\/product\/11678","targetHints":{"allow":["GET"]}}],"collection":[{"href":"https:\/\/skoryowcze.pl\/en\/wp-json\/wp\/v2\/product"}],"about":[{"href":"https:\/\/skoryowcze.pl\/en\/wp-json\/wp\/v2\/types\/product"}],"version-history":[{"count":1,"href":"https:\/\/skoryowcze.pl\/en\/wp-json\/wp\/v2\/product\/11678\/revisions"}],"predecessor-version":[{"id":12627,"href":"https:\/\/skoryowcze.pl\/en\/wp-json\/wp\/v2\/product\/11678\/revisions\/12627"}],"wp:featuredmedia":[{"embeddable":true,"href":"https:\/\/skoryowcze.pl\/en\/wp-json\/wp\/v2\/media\/11679"}],"wp:attachment":[{"href":"https:\/\/skoryowcze.pl\/en\/wp-json\/wp\/v2\/media?parent=11678"}],"wp:term":[{"taxonomy":"product_brand","embeddable":true,"href":"https:\/\/skoryowcze.pl\/en\/wp-json\/wp\/v2\/product_brand?post=11678"},{"taxonomy":"product_cat","embeddable":true,"href":"https:\/\/skoryowcze.pl\/en\/wp-json\/wp\/v2\/product_cat?post=11678"},{"taxonomy":"product_tag","embeddable":true,"href":"https:\/\/skoryowcze.pl\/en\/wp-json\/wp\/v2\/product_tag?post=11678"}],"curies":[{"name":"wp","href":"https:\/\/api.w.org\/{rel}","templated":true}]}}