{"id":11658,"date":"2025-06-11T11:02:17","date_gmt":"2025-06-11T09:02:17","guid":{"rendered":"https:\/\/skoryowcze.pl\/?post_type=product&#038;p=11658"},"modified":"2026-01-21T09:49:52","modified_gmt":"2026-01-21T08:49:52","slug":"skora-owcza-niebieska","status":"publish","type":"product","link":"https:\/\/skoryowcze.pl\/en\/produkt\/skora-owcza-niebieska\/","title":{"rendered":"Sk\u00f3ra owcza niebieska"},"content":{"rendered":"<div style=\"font-family: 'jost', sans-serif;color: #262626;line-height: 1.7\">\n<h2 style=\"font-size: 24px;font-weight: 600;color: #262626;text-align: center;margin-top: 20px;margin-bottom: 20px\">Niebieska Sk\u00f3ra Owcza \u2013 Odwa\u017cny Akcent Koloru i Naturalna Mi\u0119kko\u015b\u0107<\/h2>\n<p><img fetchpriority=\"high\" decoding=\"async\" class=\"wp-image-11906 aligncenter\" src=\"https:\/\/skoryowcze.pl\/wp-content\/uploads\/2025\/06\/niebieska_skora_owcza-300x300.png\" alt=\"Nowoczesny salon domu ze stylow\u0105 niebiesk\u0105 naturaln\u0105 sk\u00f3r\u0105 owcz\u0105\" width=\"447\" height=\"447\" srcset=\"https:\/\/skoryowcze.pl\/wp-content\/uploads\/2025\/06\/niebieska_skora_owcza-300x300.png 300w, https:\/\/skoryowcze.pl\/wp-content\/uploads\/2025\/06\/niebieska_skora_owcza-150x150.png 150w, https:\/\/skoryowcze.pl\/wp-content\/uploads\/2025\/06\/niebieska_skora_owcza-768x768.png 768w, https:\/\/skoryowcze.pl\/wp-content\/uploads\/2025\/06\/niebieska_skora_owcza-550x550.png 550w, https:\/\/skoryowcze.pl\/wp-content\/uploads\/2025\/06\/niebieska_skora_owcza-100x100.png 100w, https:\/\/skoryowcze.pl\/wp-content\/uploads\/2025\/06\/niebieska_skora_owcza.png 926w\" sizes=\"(max-width: 447px) 100vw, 447px\" \/><\/p>\n<p style=\"font-size: 16px;text-align: center;margin-left: auto;margin-right: auto;max-width: 800px;margin-bottom: 40px\">Kolor ma moc transformacji. Nasza <strong>dekoracyjna sk\u00f3ra w kolorze g\u0142\u0119bokiego b\u0142\u0119kitu<\/strong> to dow\u00f3d na to, jak jeden element mo\u017ce ca\u0142kowicie odmieni\u0107 charakter wn\u0119trza. Po\u0142\u0105czyli\u015bmy w niej naturalne, luksusowe ciep\u0142o prawdziwej owczej sk\u00f3ry z odwa\u017cnym, nowoczesnym akcentem kolorystycznym. Po\u0142\u00f3\u017c j\u0105 na pod\u0142odze, narzu\u0107 na fotel lub stw\u00f3rz wyj\u0105tkowy k\u0105cik do zabawy dla dziecka i ciesz si\u0119 jej pi\u0119knem oraz niezwyk\u0142\u0105 mi\u0119kko\u015bci\u0105 ka\u017cdego dnia.<\/p>\n<div style=\"display: flex;justify-content: space-around;text-align: center;padding: 20px 0;background-color: #f9f8f6;border-radius: 8px;margin-bottom: 40px\">\n<div style=\"width: 30%\">\n<p><span style=\"font-size: 36px\">\ud83d\udc99<\/span><\/p>\n<h3 style=\"font-size: 18px;font-weight: 600;color: #262626;margin-top: 10px;margin-bottom: 5px\">G\u0142\u0119boki, Nasycony B\u0142\u0119kit<\/h3>\n<p style=\"font-size: 15px\">Pi\u0119kny, jednolity kolor, kt\u00f3ry przyci\u0105ga wzrok i dodaje wn\u0119trzu energii, zachowuj\u0105c przy tym elegancj\u0119.<\/p>\n<\/div>\n<div style=\"width: 30%\">\n<p><span style=\"font-size: 36px\">\ud83d\udc11<\/span><\/p>\n<h3 style=\"font-size: 18px;font-weight: 600;color: #262626;margin-top: 10px;margin-bottom: 5px\">G\u0119ste i Puszyste W\u0142osie<\/h3>\n<p style=\"font-size: 15px\">Sk\u00f3ra jest niezwykle przyjemna w dotyku. Jej g\u0119ste, mi\u0119kkie w\u0142osie to gwarancja <strong>komfortu i luksusu<\/strong>.<\/p>\n<\/div>\n<div style=\"width: 30%\">\n<p><span style=\"font-size: 36px\">\ud83c\uddf5\ud83c\uddf1<\/span><\/p>\n<h3 style=\"font-size: 18px;font-weight: 600;color: #262626;margin-top: 10px;margin-bottom: 5px\">Polska, Rzemie\u015blnicza Jako\u015b\u0107<\/h3>\n<p style=\"font-size: 15px\">Produkt powsta\u0142 w naszej rodzinnej firmie na Podhalu, gdzie \u0142\u0105czymy tradycj\u0119 z nowoczesnym podej\u015bciem do designu.<\/p>\n<\/div>\n<\/div>\n<h3 style=\"font-size: 22px;font-weight: 600;color: #262626;text-align: center;margin-top: 40px;margin-bottom: 20px\">Specyfikacja Produktu<\/h3>\n<table style=\"width: 100%;border-collapse: collapse;margin-bottom: 40px;text-align: center\">\n<thead>\n<tr style=\"background-color: #f9f8f6\">\n<th style=\"padding: 12px;border: 1px solid #e0e0e0;font-size: 16px;font-weight: 600\">Cecha<\/th>\n<th style=\"padding: 12px;border: 1px solid #e0e0e0;font-size: 16px;font-weight: 600\">Opis<\/th>\n<\/tr>\n<\/thead>\n<tbody>\n<tr>\n<td style=\"padding: 12px;border: 1px solid #e0e0e0;font-size: 16px\"><strong>Przybli\u017cone Wymiary<\/strong><\/td>\n<td style=\"padding: 12px;border: 1px solid #e0e0e0;font-size: 16px\">114 cm x 64 cm (mierzona w najd\u0142u\u017cszych punktach)<\/td>\n<\/tr>\n<tr>\n<td style=\"padding: 12px;border: 1px solid #e0e0e0;font-size: 16px\"><strong>Kolor<\/strong><\/td>\n<td style=\"padding: 12px;border: 1px solid #e0e0e0;font-size: 16px\">Niebieski (barwiona)<\/td>\n<\/tr>\n<tr>\n<td style=\"padding: 12px;border: 1px solid #e0e0e0;font-size: 16px\"><strong>Typ W\u0142osia<\/strong><\/td>\n<td style=\"padding: 12px;border: 1px solid #e0e0e0;font-size: 16px\">Klasyczne (g\u0119ste, puszyste)<\/td>\n<\/tr>\n<tr>\n<td style=\"padding: 12px;border: 1px solid #e0e0e0;font-size: 16px\"><strong>Cena<\/strong><\/td>\n<td style=\"padding: 12px;border: 1px solid #e0e0e0;font-size: 16px;color: #c69214;font-weight: bold\">179,00 z\u0142<\/td>\n<\/tr>\n<\/tbody>\n<\/table>\n<div style=\"background-color: #ffffff;border: 2px solid #f9f8f6;border-radius: 8px;padding: 25px;margin-bottom: 40px\">\n<h3 style=\"font-size: 22px;font-weight: 600;color: #262626;margin-top: 0;margin-bottom: 15px\">Jak dba\u0107 o Twoj\u0105 kolorow\u0105 sk\u00f3r\u0119?<\/h3>\n<p style=\"font-size: 16px;margin-bottom: 15px\">Aby Twoja sk\u00f3ra jak najd\u0142u\u017cej zachowa\u0142a pi\u0119kny, intensywny kolor, unikaj wystawiania jej na d\u0142ugotrwa\u0142e, bezpo\u015brednie dzia\u0142anie promieni s\u0142onecznych. Do regularnej piel\u0119gnacji wystarczy wietrzenie i wytrzepywanie. W razie potrzeby zalecamy czyszczenie chemiczne. Jako WS Sto\u0142owski, gwarantujemy najwy\u017csz\u0105 jako\u015b\u0107 wykonania i trwa\u0142o\u015b\u0107 naszych produkt\u00f3w.<\/p>\n<p><a style=\"color: #c69214;font-weight: bold;text-decoration: none;font-size: 16px\" href=\"\/blog\/pielegnacja-skor-owczych\">Dowiedz si\u0119 wi\u0119cej na naszym blogu \u2192<\/a><\/p>\n<\/div>\n<div style=\"margin-bottom: 40px\">\n<h3 style=\"font-size: 22px;font-weight: 600;color: #262626;text-align: center;margin-bottom: 20px\">Najcz\u0119\u015bciej zadawane pytania<\/h3>\n<h4 style=\"font-family: 'jost', sans-serif;color: #262626;font-weight: 600;font-size: 17px;margin-top: 20px;margin-bottom: 5px\">Czy sk\u00f3ra farbuje lub traci kolor?<\/h4>\n<p style=\"font-size: 16px\">Nasze sk\u00f3ry barwione s\u0105 przy u\u017cyciu wysokiej jako\u015bci, bezpiecznych barwnik\u00f3w, kt\u00f3re s\u0105 bardzo trwa\u0142e. Sk\u00f3ra nie powinna farbowa\u0107 przy normalnym u\u017cytkowaniu. Jak ka\u017cdy barwiony materia\u0142, z czasem mo\u017ce nieznacznie blakn\u0105\u0107, je\u015bli b\u0119dzie stale nara\u017cona na mocne \u015bwiat\u0142o s\u0142oneczne.<\/p>\n<h4 style=\"font-family: 'jost', sans-serif;color: #262626;font-weight: 600;font-size: 17px;margin-top: 20px;margin-bottom: 5px\">Czy sk\u00f3ra jest bezpieczna dla dzieci?<\/h4>\n<p style=\"font-size: 16px\">Tak, proces garbowania i barwienia jest w pe\u0142ni bezpieczny i nietoksyczny. Puszysta i mi\u0119kka sk\u00f3ra to fantastyczne miejsce do zabawy dla najm\u0142odszych, tworz\u0105c przytulny i kolorowy k\u0105cik w ich pokoju.<\/p>\n<h4 style=\"font-family: 'jost', sans-serif;color: #262626;font-weight: 600;font-size: 17px;margin-top: 20px;margin-bottom: 5px\">Do jakich wn\u0119trz pasuje niebieska sk\u00f3ra?<\/h4>\n<p style=\"font-size: 16px\">Niebieska sk\u00f3ra to bardzo wszechstronny dodatek. Doskonale sprawdzi si\u0119 w nowoczesnych, minimalistycznych wn\u0119trzach jako mocny akcent kolorystyczny. B\u0119dzie te\u017c \u015bwietnym elementem w aran\u017cacjach w stylu marynistycznym, skandynawskim, a tak\u017ce jako radosny dodatek w pokoju dzieci\u0119cym lub m\u0142odzie\u017cowym.<\/p>\n<\/div>\n<div style=\"text-align: center;padding: 25px;border: 2px dashed #c69214;border-radius: 8px;margin-bottom: 40px\">\n<h4 style=\"font-size: 18px;font-weight: 600;color: #262626;margin-bottom: 10px;margin-top: 0\">Stw\u00f3rz Wyj\u0105tkow\u0105 Kompozycj\u0119<\/h4>\n<p style=\"font-size: 16px;margin-bottom: 20px\">Po\u0142\u0105cz odwa\u017cny kolor niebieskiej sk\u00f3ry z neutraln\u0105 baz\u0105. B\u0119dzie wygl\u0105da\u0107 zjawiskowo w towarzystwie naszego <strong>ciemnoszarego koca we\u0142nianego<\/strong>, tworz\u0105c elegancki i sp\u00f3jny zestaw.<\/p>\n<p><a style=\"background-color: #c69214;color: #ffffff;padding: 12px 25px;text-decoration: none;border-radius: 5px;font-weight: bold;font-size: 16px\" href=\"\/kategoria-produktu\/koce-welniane\">Zobacz nasze koce we\u0142niane<\/a><\/p>\n<\/div>\n<table style=\"width: 100%;border-collapse: collapse;background-color: #f9f8f6;border-radius: 8px;overflow: hidden\">\n<tbody>\n<tr>\n<td style=\"padding: 20px;width: 50%;border-right: 1px solid #e0e0e0\">\n<h4 style=\"margin-top: 0;margin-bottom: 10px;font-size: 18px;font-weight: 600\">\ud83d\ude9a Szybka i Bezpieczna Dostawa<\/h4>\n<p style=\"margin: 0;font-size: 15px\">Wysy\u0142amy w ci\u0105gu 24h. Gwarantujemy staranne zapakowanie, aby Twoje zam\u00f3wienie dotar\u0142o w nienaruszonym stanie.<\/p>\n<\/td>\n<td style=\"padding: 20px;width: 50%\">\n<h4 style=\"margin-top: 0;margin-bottom: 10px;font-size: 18px;font-weight: 600\">\ud83d\udcb3 Wygodne P\u0142atno\u015bci<\/h4>\n<p style=\"margin: 0;font-size: 15px\">Oferujemy bezpieczne p\u0142atno\u015bci online, BLIK oraz tradycyjny przelew. Wybierz opcj\u0119 najwygodniejsz\u0105 dla siebie.<\/p>\n<\/td>\n<\/tr>\n<\/tbody>\n<\/table>\n<\/div>\n<p><!--more--><\/p>\n<p><!--more--><\/p>\n","protected":false},"excerpt":{"rendered":"<div style=\"font-family: 'jost', sans-serif;color: #262626;font-size: 16px;line-height: 1.6\">\n<p style=\"margin-bottom: 15px\">Prze\u0142am rutyn\u0119 i dodaj swojemu wn\u0119trzu odrobin\u0119 koloru! Ta <strong>luksusowa sk\u00f3ra owcza<\/strong> w g\u0142\u0119bokim, nasyconym odcieniu b\u0142\u0119kitu to idealny spos\u00f3b na o\u017cywienie aran\u017cacji. Jest nie tylko pi\u0119knym akcentem, ale tak\u017ce niezwykle mi\u0119kka i puszysta w dotyku.<\/p>\n<ul style=\"padding-left: 0;margin: 0\">\n<li style=\"padding-left: 25px;position: relative;margin-bottom: 8px\"><span style=\"position: absolute;left: 0;color: #c69214;font-weight: bold\">\u2714<\/span><br \/>\n<strong>Intensywny, Trwa\u0142y Kolor:<\/strong> Barwiona przy u\u017cyciu bezpiecznych, wysokiej jako\u015bci barwnik\u00f3w.<\/li>\n<li style=\"padding-left: 25px;position: relative;margin-bottom: 8px\"><span style=\"position: absolute;left: 0;color: #c69214;font-weight: bold\">\u2714<\/span><br \/>\n<strong>100% Naturalna Sk\u00f3ra Owcza:<\/strong> Poczuj niezr\u00f3wnan\u0105 mi\u0119kko\u015b\u0107 prawdziwej sk\u00f3ry.<\/li>\n<li style=\"padding-left: 25px;position: relative;margin-bottom: 8px\"><span style=\"position: absolute;left: 0;color: #c69214;font-weight: bold\">\u2714<\/span><br \/>\n<strong>Niezwyk\u0142a Puszysto\u015b\u0107:<\/strong> G\u0119ste i d\u0142ugie w\u0142osie zapewnia wyj\u0105tkowy komfort.<\/li>\n<li style=\"padding-left: 25px;position: relative;margin-bottom: 8px\"><span style=\"position: absolute;left: 0;color: #c69214;font-weight: bold\">\u2714<\/span><br \/>\n<strong>O\u017cywczy Akcent Dekoracyjny:<\/strong> Idealna do salonu, sypialni czy pokoju dziecka.<\/li>\n<\/ul>\n<\/div>\n","protected":false},"featured_media":11659,"template":"","meta":[],"product_brand":[],"product_cat":[96,86],"product_tag":[148,146,443,149,160,158,141,144,161],"class_list":{"0":"post-11658","1":"product","2":"type-product","3":"status-publish","4":"has-post-thumbnail","6":"product_cat-skory","7":"product_cat-skory-owcze","8":"product_tag-naturalna-welna","9":"product_tag-naturalne-skory-owcze","10":"product_tag-niebieski","11":"product_tag-owcza-skora","12":"product_tag-podhalanska-welna","13":"product_tag-regionalne-wyroby","14":"product_tag-welna","15":"product_tag-welna-naturalna","16":"product_tag-welna-podhalanska","18":"first","19":"instock","20":"shipping-taxable","21":"purchasable","22":"product-type-variable","23":"rtwpvg-product"},"yoast_head":"<!-- This site is optimized with the Yoast SEO plugin v26.5 - https:\/\/yoast.com\/wordpress\/plugins\/seo\/ -->\n<title>Niebieska Sk\u00f3ra Owcza Dekoracyjna | WS Sto\u0142owski<\/title>\n<meta name=\"description\" content=\"Dodaj koloru swojemu wn\u0119trzu z nasz\u0105 sk\u00f3r\u0105 owcz\u0105 w odcieniu g\u0142\u0119bokiego b\u0142\u0119kitu. Niezwykle puszysta i mi\u0119kka, idealna do nowoczesnego salonu.\" \/>\n<meta name=\"robots\" content=\"index, follow, max-snippet:-1, max-image-preview:large, max-video-preview:-1\" \/>\n<link rel=\"canonical\" href=\"https:\/\/skoryowcze.pl\/produkt\/skora-owcza-niebieska\/\" \/>\n<meta property=\"og:locale\" content=\"en_US\" \/>\n<meta property=\"og:type\" content=\"article\" \/>\n<meta property=\"og:title\" content=\"Niebieska Sk\u00f3ra Owcza Dekoracyjna | WS Sto\u0142owski\" \/>\n<meta property=\"og:description\" content=\"Dodaj koloru swojemu wn\u0119trzu z nasz\u0105 sk\u00f3r\u0105 owcz\u0105 w odcieniu g\u0142\u0119bokiego b\u0142\u0119kitu. Niezwykle puszysta i mi\u0119kka, idealna do nowoczesnego salonu.\" \/>\n<meta property=\"og:url\" content=\"https:\/\/skoryowcze.pl\/produkt\/skora-owcza-niebieska\/\" \/>\n<meta property=\"og:site_name\" content=\"WS Sto\u0142owski - Sklep z wyrobami regionalnymi\" \/>\n<meta property=\"article:publisher\" content=\"https:\/\/www.facebook.com\/Wsstolowski\" \/>\n<meta property=\"article:modified_time\" content=\"2026-01-21T08:49:52+00:00\" \/>\n<meta property=\"og:image\" content=\"https:\/\/skoryowcze.pl\/wp-content\/uploads\/2025\/06\/SkoryDekoracyjne_28.06.2024_06398.jpg\" \/>\n\t<meta property=\"og:image:width\" content=\"2048\" \/>\n\t<meta property=\"og:image:height\" content=\"2048\" \/>\n\t<meta property=\"og:image:type\" content=\"image\/jpeg\" \/>\n<meta name=\"twitter:card\" content=\"summary_large_image\" \/>\n<meta name=\"twitter:label1\" content=\"Est. reading time\" \/>\n\t<meta name=\"twitter:data1\" content=\"3 minutes\" \/>\n<script type=\"application\/ld+json\" class=\"yoast-schema-graph\">{\"@context\":\"https:\/\/schema.org\",\"@graph\":[{\"@type\":\"WebPage\",\"@id\":\"https:\/\/skoryowcze.pl\/produkt\/skora-owcza-niebieska\/\",\"url\":\"https:\/\/skoryowcze.pl\/produkt\/skora-owcza-niebieska\/\",\"name\":\"Niebieska Sk\u00f3ra Owcza Dekoracyjna | WS Sto\u0142owski\",\"isPartOf\":{\"@id\":\"https:\/\/skoryowcze.pl\/#website\"},\"primaryImageOfPage\":{\"@id\":\"https:\/\/skoryowcze.pl\/produkt\/skora-owcza-niebieska\/#primaryimage\"},\"image\":{\"@id\":\"https:\/\/skoryowcze.pl\/produkt\/skora-owcza-niebieska\/#primaryimage\"},\"thumbnailUrl\":\"https:\/\/skoryowcze.pl\/wp-content\/uploads\/2025\/06\/SkoryDekoracyjne_28.06.2024_06398.jpg\",\"datePublished\":\"2025-06-11T09:02:17+00:00\",\"dateModified\":\"2026-01-21T08:49:52+00:00\",\"description\":\"Dodaj koloru swojemu wn\u0119trzu z nasz\u0105 sk\u00f3r\u0105 owcz\u0105 w odcieniu g\u0142\u0119bokiego b\u0142\u0119kitu. Niezwykle puszysta i mi\u0119kka, idealna do nowoczesnego salonu.\",\"breadcrumb\":{\"@id\":\"https:\/\/skoryowcze.pl\/produkt\/skora-owcza-niebieska\/#breadcrumb\"},\"inLanguage\":\"en-US\",\"potentialAction\":[{\"@type\":\"ReadAction\",\"target\":[\"https:\/\/skoryowcze.pl\/produkt\/skora-owcza-niebieska\/\"]}]},{\"@type\":\"ImageObject\",\"inLanguage\":\"en-US\",\"@id\":\"https:\/\/skoryowcze.pl\/produkt\/skora-owcza-niebieska\/#primaryimage\",\"url\":\"https:\/\/skoryowcze.pl\/wp-content\/uploads\/2025\/06\/SkoryDekoracyjne_28.06.2024_06398.jpg\",\"contentUrl\":\"https:\/\/skoryowcze.pl\/wp-content\/uploads\/2025\/06\/SkoryDekoracyjne_28.06.2024_06398.jpg\",\"width\":2048,\"height\":2048},{\"@type\":\"BreadcrumbList\",\"@id\":\"https:\/\/skoryowcze.pl\/produkt\/skora-owcza-niebieska\/#breadcrumb\",\"itemListElement\":[{\"@type\":\"ListItem\",\"position\":1,\"name\":\"Strona g\u0142\u00f3wna\",\"item\":\"https:\/\/skoryowcze.pl\/\"},{\"@type\":\"ListItem\",\"position\":2,\"name\":\"Store\",\"item\":\"https:\/\/skoryowcze.pl\/en\/store\/\"},{\"@type\":\"ListItem\",\"position\":3,\"name\":\"Sk\u00f3ra owcza niebieska\"}]},{\"@type\":\"WebSite\",\"@id\":\"https:\/\/skoryowcze.pl\/#website\",\"url\":\"https:\/\/skoryowcze.pl\/\",\"name\":\"WS Sto\u0142owski\",\"description\":\"Produkty z regionu Podhala, odzie\u017c, obuwie regionalne.\",\"publisher\":{\"@id\":\"https:\/\/skoryowcze.pl\/#organization\"},\"potentialAction\":[{\"@type\":\"SearchAction\",\"target\":{\"@type\":\"EntryPoint\",\"urlTemplate\":\"https:\/\/skoryowcze.pl\/?s={search_term_string}\"},\"query-input\":{\"@type\":\"PropertyValueSpecification\",\"valueRequired\":true,\"valueName\":\"search_term_string\"}}],\"inLanguage\":\"en-US\"},{\"@type\":\"Organization\",\"@id\":\"https:\/\/skoryowcze.pl\/#organization\",\"name\":\"WS Sto\u0142owski\",\"url\":\"https:\/\/skoryowcze.pl\/\",\"logo\":{\"@type\":\"ImageObject\",\"inLanguage\":\"en-US\",\"@id\":\"https:\/\/skoryowcze.pl\/#\/schema\/logo\/image\/\",\"url\":\"https:\/\/skoryowcze.pl\/wp-content\/uploads\/2018\/11\/favicon.png\",\"contentUrl\":\"https:\/\/skoryowcze.pl\/wp-content\/uploads\/2018\/11\/favicon.png\",\"width\":512,\"height\":512,\"caption\":\"WS Sto\u0142owski\"},\"image\":{\"@id\":\"https:\/\/skoryowcze.pl\/#\/schema\/logo\/image\/\"},\"sameAs\":[\"https:\/\/www.facebook.com\/Wsstolowski\",\"https:\/\/www.instagram.com\/ws_stolowski\"]}]}<\/script>\n<!-- \/ Yoast SEO plugin. -->","yoast_head_json":{"title":"Niebieska Sk\u00f3ra Owcza Dekoracyjna | WS Sto\u0142owski","description":"Dodaj koloru swojemu wn\u0119trzu z nasz\u0105 sk\u00f3r\u0105 owcz\u0105 w odcieniu g\u0142\u0119bokiego b\u0142\u0119kitu. Niezwykle puszysta i mi\u0119kka, idealna do nowoczesnego salonu.","robots":{"index":"index","follow":"follow","max-snippet":"max-snippet:-1","max-image-preview":"max-image-preview:large","max-video-preview":"max-video-preview:-1"},"canonical":"https:\/\/skoryowcze.pl\/produkt\/skora-owcza-niebieska\/","og_locale":"en_US","og_type":"article","og_title":"Niebieska Sk\u00f3ra Owcza Dekoracyjna | WS Sto\u0142owski","og_description":"Dodaj koloru swojemu wn\u0119trzu z nasz\u0105 sk\u00f3r\u0105 owcz\u0105 w odcieniu g\u0142\u0119bokiego b\u0142\u0119kitu. Niezwykle puszysta i mi\u0119kka, idealna do nowoczesnego salonu.","og_url":"https:\/\/skoryowcze.pl\/produkt\/skora-owcza-niebieska\/","og_site_name":"WS Sto\u0142owski - Sklep z wyrobami regionalnymi","article_publisher":"https:\/\/www.facebook.com\/Wsstolowski","article_modified_time":"2026-01-21T08:49:52+00:00","og_image":[{"width":2048,"height":2048,"url":"https:\/\/skoryowcze.pl\/wp-content\/uploads\/2025\/06\/SkoryDekoracyjne_28.06.2024_06398.jpg","type":"image\/jpeg"}],"twitter_card":"summary_large_image","twitter_misc":{"Est. reading time":"3 minutes"},"schema":{"@context":"https:\/\/schema.org","@graph":[{"@type":"WebPage","@id":"https:\/\/skoryowcze.pl\/produkt\/skora-owcza-niebieska\/","url":"https:\/\/skoryowcze.pl\/produkt\/skora-owcza-niebieska\/","name":"Niebieska Sk\u00f3ra Owcza Dekoracyjna | WS Sto\u0142owski","isPartOf":{"@id":"https:\/\/skoryowcze.pl\/#website"},"primaryImageOfPage":{"@id":"https:\/\/skoryowcze.pl\/produkt\/skora-owcza-niebieska\/#primaryimage"},"image":{"@id":"https:\/\/skoryowcze.pl\/produkt\/skora-owcza-niebieska\/#primaryimage"},"thumbnailUrl":"https:\/\/skoryowcze.pl\/wp-content\/uploads\/2025\/06\/SkoryDekoracyjne_28.06.2024_06398.jpg","datePublished":"2025-06-11T09:02:17+00:00","dateModified":"2026-01-21T08:49:52+00:00","description":"Dodaj koloru swojemu wn\u0119trzu z nasz\u0105 sk\u00f3r\u0105 owcz\u0105 w odcieniu g\u0142\u0119bokiego b\u0142\u0119kitu. Niezwykle puszysta i mi\u0119kka, idealna do nowoczesnego salonu.","breadcrumb":{"@id":"https:\/\/skoryowcze.pl\/produkt\/skora-owcza-niebieska\/#breadcrumb"},"inLanguage":"en-US","potentialAction":[{"@type":"ReadAction","target":["https:\/\/skoryowcze.pl\/produkt\/skora-owcza-niebieska\/"]}]},{"@type":"ImageObject","inLanguage":"en-US","@id":"https:\/\/skoryowcze.pl\/produkt\/skora-owcza-niebieska\/#primaryimage","url":"https:\/\/skoryowcze.pl\/wp-content\/uploads\/2025\/06\/SkoryDekoracyjne_28.06.2024_06398.jpg","contentUrl":"https:\/\/skoryowcze.pl\/wp-content\/uploads\/2025\/06\/SkoryDekoracyjne_28.06.2024_06398.jpg","width":2048,"height":2048},{"@type":"BreadcrumbList","@id":"https:\/\/skoryowcze.pl\/produkt\/skora-owcza-niebieska\/#breadcrumb","itemListElement":[{"@type":"ListItem","position":1,"name":"Strona g\u0142\u00f3wna","item":"https:\/\/skoryowcze.pl\/"},{"@type":"ListItem","position":2,"name":"Store","item":"https:\/\/skoryowcze.pl\/en\/store\/"},{"@type":"ListItem","position":3,"name":"Sk\u00f3ra owcza niebieska"}]},{"@type":"WebSite","@id":"https:\/\/skoryowcze.pl\/#website","url":"https:\/\/skoryowcze.pl\/","name":"WS Sto\u0142owski","description":"Produkty z regionu Podhala, odzie\u017c, obuwie regionalne.","publisher":{"@id":"https:\/\/skoryowcze.pl\/#organization"},"potentialAction":[{"@type":"SearchAction","target":{"@type":"EntryPoint","urlTemplate":"https:\/\/skoryowcze.pl\/?s={search_term_string}"},"query-input":{"@type":"PropertyValueSpecification","valueRequired":true,"valueName":"search_term_string"}}],"inLanguage":"en-US"},{"@type":"Organization","@id":"https:\/\/skoryowcze.pl\/#organization","name":"WS Sto\u0142owski","url":"https:\/\/skoryowcze.pl\/","logo":{"@type":"ImageObject","inLanguage":"en-US","@id":"https:\/\/skoryowcze.pl\/#\/schema\/logo\/image\/","url":"https:\/\/skoryowcze.pl\/wp-content\/uploads\/2018\/11\/favicon.png","contentUrl":"https:\/\/skoryowcze.pl\/wp-content\/uploads\/2018\/11\/favicon.png","width":512,"height":512,"caption":"WS Sto\u0142owski"},"image":{"@id":"https:\/\/skoryowcze.pl\/#\/schema\/logo\/image\/"},"sameAs":["https:\/\/www.facebook.com\/Wsstolowski","https:\/\/www.instagram.com\/ws_stolowski"]}]}},"_links":{"self":[{"href":"https:\/\/skoryowcze.pl\/en\/wp-json\/wp\/v2\/product\/11658","targetHints":{"allow":["GET"]}}],"collection":[{"href":"https:\/\/skoryowcze.pl\/en\/wp-json\/wp\/v2\/product"}],"about":[{"href":"https:\/\/skoryowcze.pl\/en\/wp-json\/wp\/v2\/types\/product"}],"version-history":[{"count":3,"href":"https:\/\/skoryowcze.pl\/en\/wp-json\/wp\/v2\/product\/11658\/revisions"}],"predecessor-version":[{"id":11908,"href":"https:\/\/skoryowcze.pl\/en\/wp-json\/wp\/v2\/product\/11658\/revisions\/11908"}],"wp:featuredmedia":[{"embeddable":true,"href":"https:\/\/skoryowcze.pl\/en\/wp-json\/wp\/v2\/media\/11659"}],"wp:attachment":[{"href":"https:\/\/skoryowcze.pl\/en\/wp-json\/wp\/v2\/media?parent=11658"}],"wp:term":[{"taxonomy":"product_brand","embeddable":true,"href":"https:\/\/skoryowcze.pl\/en\/wp-json\/wp\/v2\/product_brand?post=11658"},{"taxonomy":"product_cat","embeddable":true,"href":"https:\/\/skoryowcze.pl\/en\/wp-json\/wp\/v2\/product_cat?post=11658"},{"taxonomy":"product_tag","embeddable":true,"href":"https:\/\/skoryowcze.pl\/en\/wp-json\/wp\/v2\/product_tag?post=11658"}],"curies":[{"name":"wp","href":"https:\/\/api.w.org\/{rel}","templated":true}]}}