{"id":9248,"date":"2017-02-20T02:28:43","date_gmt":"2017-02-20T01:28:43","guid":{"rendered":"https:\/\/skoryowcze.pl\/wish-list\/"},"modified":"2022-09-24T13:18:45","modified_gmt":"2022-09-24T11:18:45","slug":"wish-list","status":"publish","type":"page","link":"https:\/\/skoryowcze.pl\/en\/wish-list\/","title":{"rendered":"Wish list"},"content":{"rendered":"\n\n\n\n<form\n\tid=\"yith-wcwl-form\"\n\taction=\"https:\/\/skoryowcze.pl\/en\/watched\/\"\n\tmethod=\"post\"\n\tclass=\"woocommerce yith-wcwl-form wishlist-fragment\"\n\tdata-fragment-options=\"{&quot;per_page&quot;:5,&quot;current_page&quot;:1,&quot;pagination&quot;:&quot;no&quot;,&quot;wishlist_id&quot;:false,&quot;action_params&quot;:false,&quot;no_interactions&quot;:false,&quot;layout&quot;:&quot;&quot;,&quot;wishlist&quot;:false,&quot;is_default&quot;:true,&quot;is_custom_list&quot;:false,&quot;wishlist_token&quot;:&quot;&quot;,&quot;is_private&quot;:false,&quot;count&quot;:0,&quot;page_title&quot;:&quot;Moja lista \\u017cycze\\u0144: WS Sto\\u0142owski - Sklep z wyrobami regionalnymi&quot;,&quot;default_wishlsit_title&quot;:&quot;Moja lista \\u017cycze\\u0144: WS Sto\\u0142owski - Sklep z wyrobami regionalnymi&quot;,&quot;page_links&quot;:false,&quot;is_user_logged_in&quot;:false,&quot;is_user_owner&quot;:true,&quot;can_user_edit_title&quot;:false,&quot;show_price&quot;:false,&quot;show_dateadded&quot;:false,&quot;show_stock_status&quot;:false,&quot;show_add_to_cart&quot;:false,&quot;show_remove_product&quot;:true,&quot;add_to_cart_text&quot;:&quot;Add to cart&quot;,&quot;show_ask_estimate_button&quot;:false,&quot;ask_estimate_url&quot;:&quot;&quot;,&quot;price_excl_tax&quot;:true,&quot;show_cb&quot;:false,&quot;show_quantity&quot;:false,&quot;show_variation&quot;:false,&quot;show_price_variations&quot;:false,&quot;show_update&quot;:false,&quot;enable_drag_n_drop&quot;:false,&quot;enable_add_all_to_cart&quot;:false,&quot;move_to_another_wishlist&quot;:false,&quot;repeat_remove_button&quot;:false,&quot;show_last_column&quot;:false,&quot;heading_icon&quot;:&quot;&quot;,&quot;share_enabled&quot;:false,&quot;template_part&quot;:&quot;view&quot;,&quot;additional_info&quot;:false,&quot;available_multi_wishlist&quot;:false,&quot;form_action&quot;:&quot;https:\\\/\\\/skoryowcze.pl\\\/en\\\/watched\\\/&quot;,&quot;item&quot;:&quot;wishlist&quot;}\"\n>\n\n\t<!-- TITLE -->\n\t\t\t<div class=\"wishlist-title-container\">\n\t\t\t<div class=\"wishlist-title \">\n\t\t\t\t<h2>Moja lista \u017cycze\u0144: WS Sto\u0142owski - Sklep z wyrobami regionalnymi<\/h2>\t\t\t\t\t\t\t<\/div>\n\t\t\t\t\t<\/div>\n\t\n\n<!-- WISHLIST TABLE -->\n<table\n\tclass=\"shop_table cart wishlist_table wishlist_view traditional responsive   \"\n\tdata-pagination=\"no\" data-per-page=\"5\" data-page=\"1\"\n\tdata-id=\"\" data-token=\"\">\n\n\t\n\t<thead>\n\t<tr>\n\t\t\n\t\t\t\t\t\t\t\t<th class=\"product-remove\">\n\t\t\t\t<span class=\"nobr\">\n\t\t\t\t\t\t\t\t\t<\/span>\n\t\t\t<\/th>\n\t\t\n\t\t<th class=\"product-thumbnail\"><\/th>\n\n\t\t<th class=\"product-name\">\n\t\t\t<span class=\"nobr\">\n\t\t\t\tProduct name\t\t\t<\/span>\n\t\t<\/th>\n\n\t\t\n\t\t\n\t\t\n\t\t\n\t\t\t<\/tr>\n\t<\/thead>\n\n\t<tbody class=\"wishlist-items-wrapper\">\n\t\t\t<tr>\n\t\t\t\t\t\t<td colspan=\"3\" class=\"wishlist-empty\">No products added to the wishlist<\/td>\n\t\t<\/tr>\n\t\t\t<\/tbody>\n\n<\/table>\n\n<div class=\"yith_wcwl_wishlist_footer\">\n\t\n\n\t\n\n\t\n\t<\/div>\n\n<input type=\"hidden\" id=\"yith_wcwl_edit_wishlist\" name=\"yith_wcwl_edit_wishlist\" value=\"08a456a6b8\" \/><input type=\"hidden\" name=\"_wp_http_referer\" value=\"\/en\/wp-json\/wp\/v2\/pages\/9248\" \/><input type=\"hidden\" value=\"\" name=\"wishlist_id\" id=\"wishlist_id\">\n\n\n<\/form>\n\n\n\n\n","protected":false},"excerpt":{"rendered":"","protected":false},"author":1,"featured_media":0,"parent":0,"menu_order":0,"comment_status":"closed","ping_status":"closed","template":"","meta":{"footnotes":""},"class_list":["post-9248","page","type-page","status-publish","hentry"],"yoast_head":"<!-- This site is optimized with the Yoast SEO plugin v27.4 - https:\/\/yoast.com\/product\/yoast-seo-wordpress\/ -->\n<title>Wish list - WS Sto\u0142owski - Sklep z wyrobami regionalnymi<\/title>\n<meta name=\"robots\" content=\"index, follow, max-snippet:-1, max-image-preview:large, max-video-preview:-1\" \/>\n<link rel=\"canonical\" href=\"https:\/\/skoryowcze.pl\/en\/wish-list\/\" \/>\n<meta property=\"og:locale\" content=\"en_US\" \/>\n<meta property=\"og:type\" content=\"article\" \/>\n<meta property=\"og:title\" content=\"Wish list - WS Sto\u0142owski - Sklep z wyrobami regionalnymi\" \/>\n<meta property=\"og:url\" content=\"https:\/\/skoryowcze.pl\/en\/wish-list\/\" \/>\n<meta property=\"og:site_name\" content=\"WS Sto\u0142owski - Sklep z wyrobami regionalnymi\" \/>\n<meta property=\"article:publisher\" content=\"https:\/\/www.facebook.com\/Wsstolowski\" \/>\n<meta property=\"article:modified_time\" content=\"2022-09-24T11:18:45+00:00\" \/>\n<meta property=\"og:image\" content=\"https:\/\/skoryowcze.pl\/wp-content\/uploads\/2018\/11\/icon-1.png\" \/>\n\t<meta property=\"og:image:width\" content=\"512\" \/>\n\t<meta property=\"og:image:height\" content=\"512\" \/>\n\t<meta property=\"og:image:type\" content=\"image\/png\" \/>\n<meta name=\"twitter:card\" content=\"summary_large_image\" \/>\n<script type=\"application\/ld+json\" class=\"yoast-schema-graph\">{\"@context\":\"https:\\\/\\\/schema.org\",\"@graph\":[{\"@type\":\"WebPage\",\"@id\":\"https:\\\/\\\/skoryowcze.pl\\\/en\\\/wish-list\\\/\",\"url\":\"https:\\\/\\\/skoryowcze.pl\\\/en\\\/wish-list\\\/\",\"name\":\"Wish list - WS Sto\u0142owski - Sklep z wyrobami regionalnymi\",\"isPartOf\":{\"@id\":\"https:\\\/\\\/skoryowcze.pl\\\/#website\"},\"datePublished\":\"2017-02-20T01:28:43+00:00\",\"dateModified\":\"2022-09-24T11:18:45+00:00\",\"breadcrumb\":{\"@id\":\"https:\\\/\\\/skoryowcze.pl\\\/en\\\/wish-list\\\/#breadcrumb\"},\"inLanguage\":\"en-US\",\"potentialAction\":[{\"@type\":\"ReadAction\",\"target\":[\"https:\\\/\\\/skoryowcze.pl\\\/en\\\/wish-list\\\/\"]}]},{\"@type\":\"BreadcrumbList\",\"@id\":\"https:\\\/\\\/skoryowcze.pl\\\/en\\\/wish-list\\\/#breadcrumb\",\"itemListElement\":[{\"@type\":\"ListItem\",\"position\":1,\"name\":\"Strona g\u0142\u00f3wna\",\"item\":\"https:\\\/\\\/skoryowcze.pl\\\/\"},{\"@type\":\"ListItem\",\"position\":2,\"name\":\"Wish list\"}]},{\"@type\":\"WebSite\",\"@id\":\"https:\\\/\\\/skoryowcze.pl\\\/#website\",\"url\":\"https:\\\/\\\/skoryowcze.pl\\\/\",\"name\":\"WS Sto\u0142owski\",\"description\":\"Produkty z regionu Podhala, odzie\u017c, obuwie regionalne.\",\"publisher\":{\"@id\":\"https:\\\/\\\/skoryowcze.pl\\\/#organization\"},\"potentialAction\":[{\"@type\":\"SearchAction\",\"target\":{\"@type\":\"EntryPoint\",\"urlTemplate\":\"https:\\\/\\\/skoryowcze.pl\\\/?s={search_term_string}\"},\"query-input\":{\"@type\":\"PropertyValueSpecification\",\"valueRequired\":true,\"valueName\":\"search_term_string\"}}],\"inLanguage\":\"en-US\"},{\"@type\":\"Organization\",\"@id\":\"https:\\\/\\\/skoryowcze.pl\\\/#organization\",\"name\":\"WS Sto\u0142owski\",\"url\":\"https:\\\/\\\/skoryowcze.pl\\\/\",\"logo\":{\"@type\":\"ImageObject\",\"inLanguage\":\"en-US\",\"@id\":\"https:\\\/\\\/skoryowcze.pl\\\/#\\\/schema\\\/logo\\\/image\\\/\",\"url\":\"https:\\\/\\\/skoryowcze.pl\\\/wp-content\\\/uploads\\\/2018\\\/11\\\/favicon.png\",\"contentUrl\":\"https:\\\/\\\/skoryowcze.pl\\\/wp-content\\\/uploads\\\/2018\\\/11\\\/favicon.png\",\"width\":512,\"height\":512,\"caption\":\"WS Sto\u0142owski\"},\"image\":{\"@id\":\"https:\\\/\\\/skoryowcze.pl\\\/#\\\/schema\\\/logo\\\/image\\\/\"},\"sameAs\":[\"https:\\\/\\\/www.facebook.com\\\/Wsstolowski\",\"https:\\\/\\\/www.instagram.com\\\/ws_stolowski\"]}]}<\/script>\n<!-- \/ Yoast SEO plugin. -->","yoast_head_json":{"title":"Wish list - WS Sto\u0142owski - Sklep z wyrobami regionalnymi","robots":{"index":"index","follow":"follow","max-snippet":"max-snippet:-1","max-image-preview":"max-image-preview:large","max-video-preview":"max-video-preview:-1"},"canonical":"https:\/\/skoryowcze.pl\/en\/wish-list\/","og_locale":"en_US","og_type":"article","og_title":"Wish list - WS Sto\u0142owski - Sklep z wyrobami regionalnymi","og_url":"https:\/\/skoryowcze.pl\/en\/wish-list\/","og_site_name":"WS Sto\u0142owski - Sklep z wyrobami regionalnymi","article_publisher":"https:\/\/www.facebook.com\/Wsstolowski","article_modified_time":"2022-09-24T11:18:45+00:00","og_image":[{"width":512,"height":512,"url":"https:\/\/skoryowcze.pl\/wp-content\/uploads\/2018\/11\/icon-1.png","type":"image\/png"}],"twitter_card":"summary_large_image","schema":{"@context":"https:\/\/schema.org","@graph":[{"@type":"WebPage","@id":"https:\/\/skoryowcze.pl\/en\/wish-list\/","url":"https:\/\/skoryowcze.pl\/en\/wish-list\/","name":"Wish list - WS Sto\u0142owski - Sklep z wyrobami regionalnymi","isPartOf":{"@id":"https:\/\/skoryowcze.pl\/#website"},"datePublished":"2017-02-20T01:28:43+00:00","dateModified":"2022-09-24T11:18:45+00:00","breadcrumb":{"@id":"https:\/\/skoryowcze.pl\/en\/wish-list\/#breadcrumb"},"inLanguage":"en-US","potentialAction":[{"@type":"ReadAction","target":["https:\/\/skoryowcze.pl\/en\/wish-list\/"]}]},{"@type":"BreadcrumbList","@id":"https:\/\/skoryowcze.pl\/en\/wish-list\/#breadcrumb","itemListElement":[{"@type":"ListItem","position":1,"name":"Strona g\u0142\u00f3wna","item":"https:\/\/skoryowcze.pl\/"},{"@type":"ListItem","position":2,"name":"Wish list"}]},{"@type":"WebSite","@id":"https:\/\/skoryowcze.pl\/#website","url":"https:\/\/skoryowcze.pl\/","name":"WS Sto\u0142owski","description":"Produkty z regionu Podhala, odzie\u017c, obuwie regionalne.","publisher":{"@id":"https:\/\/skoryowcze.pl\/#organization"},"potentialAction":[{"@type":"SearchAction","target":{"@type":"EntryPoint","urlTemplate":"https:\/\/skoryowcze.pl\/?s={search_term_string}"},"query-input":{"@type":"PropertyValueSpecification","valueRequired":true,"valueName":"search_term_string"}}],"inLanguage":"en-US"},{"@type":"Organization","@id":"https:\/\/skoryowcze.pl\/#organization","name":"WS Sto\u0142owski","url":"https:\/\/skoryowcze.pl\/","logo":{"@type":"ImageObject","inLanguage":"en-US","@id":"https:\/\/skoryowcze.pl\/#\/schema\/logo\/image\/","url":"https:\/\/skoryowcze.pl\/wp-content\/uploads\/2018\/11\/favicon.png","contentUrl":"https:\/\/skoryowcze.pl\/wp-content\/uploads\/2018\/11\/favicon.png","width":512,"height":512,"caption":"WS Sto\u0142owski"},"image":{"@id":"https:\/\/skoryowcze.pl\/#\/schema\/logo\/image\/"},"sameAs":["https:\/\/www.facebook.com\/Wsstolowski","https:\/\/www.instagram.com\/ws_stolowski"]}]}},"_links":{"self":[{"href":"https:\/\/skoryowcze.pl\/en\/wp-json\/wp\/v2\/pages\/9248","targetHints":{"allow":["GET"]}}],"collection":[{"href":"https:\/\/skoryowcze.pl\/en\/wp-json\/wp\/v2\/pages"}],"about":[{"href":"https:\/\/skoryowcze.pl\/en\/wp-json\/wp\/v2\/types\/page"}],"author":[{"embeddable":true,"href":"https:\/\/skoryowcze.pl\/en\/wp-json\/wp\/v2\/users\/1"}],"replies":[{"embeddable":true,"href":"https:\/\/skoryowcze.pl\/en\/wp-json\/wp\/v2\/comments?post=9248"}],"version-history":[{"count":1,"href":"https:\/\/skoryowcze.pl\/en\/wp-json\/wp\/v2\/pages\/9248\/revisions"}],"predecessor-version":[{"id":9259,"href":"https:\/\/skoryowcze.pl\/en\/wp-json\/wp\/v2\/pages\/9248\/revisions\/9259"}],"wp:attachment":[{"href":"https:\/\/skoryowcze.pl\/en\/wp-json\/wp\/v2\/media?parent=9248"}],"curies":[{"name":"wp","href":"https:\/\/api.w.org\/{rel}","templated":true}]}}